{"id":90,"date":"2017-10-10T17:49:43","date_gmt":"2017-10-10T14:49:43","guid":{"rendered":"http:\/\/www.mikkovares.com\/?page_id=90"},"modified":"2025-02-18T13:36:47","modified_gmt":"2025-02-18T11:36:47","slug":"hinnasto","status":"publish","type":"page","link":"https:\/\/www.mikkovares.com\/?page_id=90","title":{"rendered":"Hinnasto"},"content":{"rendered":"<p><b>Hinnasto 2025<\/b><b><\/b><\/p>\n<p><b>H\u00e4\u00e4kuvaus<\/b><b><\/b><\/p>\n<p>\u2022 <b>H\u00e4\u00e4potretit<\/b> (milj\u00f6\u00f6ss\u00e4 tai studiossa)<\/p>\n<p>Alk. 300 \u20ac (alv 0 %)<\/p>\n<p>\u2022 <b>Puolip\u00e4iv\u00e4kuvaus<\/b> (valmistautuminen, vihkiminen ja h\u00e4\u00e4potretit)<\/p>\n<p>Alk. 900 \u20ac (alv 0 %)<\/p>\n<p>\u2022 <b>Koko p\u00e4iv\u00e4n dokumentaarinen h\u00e4\u00e4kuvaus<\/b><b><\/b><\/p>\n<p>Alk. 1 800 \u20ac (alv 0 %)<\/p>\n<p><b>Tapahtumakuvaus<\/b><b><\/b><\/p>\n<p>\u2022 <b>Yritystapahtumat, juhlat ja konsertit<\/b><b><\/b><\/p>\n<p>Ensimm\u00e4inen tunti 240 \u20ac\/h (alv 0 %), seuraavat 150 \u20ac\/h (alv 0 %)<\/p>\n<p><b>Milj\u00f6\u00f6kuvaus<\/b><b><\/b><\/p>\n<p>\u2022 <b>Henkil\u00f6- ja perhekuvat<\/b><b><\/b><\/p>\n<p>Alk. 200 \u20ac (alv 0 %)<\/p>\n<p>\u2022 <b>Yrityskuvaukset<\/b> (esim. henkil\u00f6kuvat, br\u00e4ndikuvat)<\/p>\n<p>Alk. 300 \u20ac (alv 0 %)<\/p>\n<p><b>Videotuotanto<\/b><b><\/b><\/p>\n<p>\u2022 <b>Lyhyet videot yrityksille ja tapahtumiin<\/b> (1-2 min valmiiksi leikattu video)<\/p>\n<p>Alk. 750 \u20ac (alv 0 %)<\/p>\n<p>\u2022 <b>Kokonaisvaltaisempi videotuotanto<\/b> (esim. mainosvideo)<\/p>\n<p>Alk. 1 200 \u20ac (alv 0 %)<\/p>\n<p><strong>Yritysasiakkaat<\/strong><\/p>\n<p><strong>\u00a0-sopimuksen mukaan eli ota yhteytt\u00e4!<\/strong><\/p>\n<p><b>Lis\u00e4palvelut<\/b><b><\/b><\/p>\n<p>\u2022 <b>Lis\u00e4tunnit kuvauksissa<\/b>: 120 \u20ac\/h (alv 0 %)<\/p>\n<p>\u2022 <b>Kiireellinen toimitus<\/b> (1-3 arkip\u00e4iv\u00e4\u00e4): + 30 % hinnasta<\/p>\n<p>\u2022 <b>Matkakulut Tampereen ulkopuolella<\/b>: 0,53 \u20ac\/km (alv 0 %)<\/p>\n","protected":false},"excerpt":{"rendered":"<p>Hinnasto 2025 H\u00e4\u00e4kuvaus \u2022 H\u00e4\u00e4potretit (milj\u00f6\u00f6ss\u00e4 tai studiossa) Alk. 300 \u20ac (alv 0 %) \u2022 Puolip\u00e4iv\u00e4kuvaus (valmistautuminen, vihkiminen ja h\u00e4\u00e4potretit) Alk. 900 \u20ac (alv 0 %) \u2022 Koko p\u00e4iv\u00e4n dokumentaarinen h\u00e4\u00e4kuvaus Alk. 1 800 \u20ac (alv 0 %) Tapahtumakuvaus \u2022 Yritystapahtumat, juhlat ja konsertit Ensimm\u00e4inen tunti 240 \u20ac\/h (alv 0 %), seuraavat 150 \u20ac\/h (alv &#8230; <span class=\"more\"><a class=\"more-link\" href=\"https:\/\/www.mikkovares.com\/?page_id=90\">[Read more&#8230;]<\/a><\/span><\/p>\n","protected":false},"author":1,"featured_media":0,"parent":0,"menu_order":2,"comment_status":"closed","ping_status":"closed","template":"","meta":{"_monsterinsights_skip_tracking":false,"_monsterinsights_sitenote_active":false,"_monsterinsights_sitenote_note":"","_monsterinsights_sitenote_category":0,"footnotes":""},"class_list":["entry","page","publish","author-admin","post-90"],"_links":{"self":[{"href":"https:\/\/www.mikkovares.com\/index.php?rest_route=\/wp\/v2\/pages\/90","targetHints":{"allow":["GET"]}}],"collection":[{"href":"https:\/\/www.mikkovares.com\/index.php?rest_route=\/wp\/v2\/pages"}],"about":[{"href":"https:\/\/www.mikkovares.com\/index.php?rest_route=\/wp\/v2\/types\/page"}],"author":[{"embeddable":true,"href":"https:\/\/www.mikkovares.com\/index.php?rest_route=\/wp\/v2\/users\/1"}],"replies":[{"embeddable":true,"href":"https:\/\/www.mikkovares.com\/index.php?rest_route=%2Fwp%2Fv2%2Fcomments&post=90"}],"version-history":[{"count":14,"href":"https:\/\/www.mikkovares.com\/index.php?rest_route=\/wp\/v2\/pages\/90\/revisions"}],"predecessor-version":[{"id":585,"href":"https:\/\/www.mikkovares.com\/index.php?rest_route=\/wp\/v2\/pages\/90\/revisions\/585"}],"wp:attachment":[{"href":"https:\/\/www.mikkovares.com\/index.php?rest_route=%2Fwp%2Fv2%2Fmedia&parent=90"}],"curies":[{"name":"wp","href":"https:\/\/api.w.org\/{rel}","templated":true}]}}