{"id":308,"date":"2017-10-11T13:22:52","date_gmt":"2017-10-11T10:22:52","guid":{"rendered":"http:\/\/www.mikkovares.com\/?page_id=308"},"modified":"2025-05-13T18:55:40","modified_gmt":"2025-05-13T15:55:40","slug":"linkit","status":"publish","type":"page","link":"https:\/\/www.mikkovares.com\/?page_id=308","title":{"rendered":"Linkit"},"content":{"rendered":"<ul>\n<li><a href=\"https:\/\/mikkovares.kuvat.fi\">Kuvat.fi sivustoltani l\u00f6ytyy lis\u00e4\u00e4 kuvia aiheittain.<\/a><\/li>\n<li><a href=\"http:\/\/www.finlaysoninalue.fi\">Finlaysonin alueen sivut.<\/a><\/li>\n<li><a href=\"http:\/\/www.flamingo.fi\">Viihdekeskus Flamingo<\/a><\/li>\n<li><a href=\"http:\/\/www.kuvatikkaus.fi\">Kuvatikkaus<\/a><\/li>\n<li>Tampereen S\u00e4hk\u00f6laitos, Suomi 100 tilasi minulta kuvia tv-mainokseensa.<\/li>\n<\/ul>\n<p>https:\/\/www.youtube.com\/watch?v=DgRbXdzBSLE<\/p>\n","protected":false},"excerpt":{"rendered":"<p>Kuvat.fi sivustoltani l\u00f6ytyy lis\u00e4\u00e4 kuvia aiheittain. Finlaysonin alueen sivut. Viihdekeskus Flamingo Kuvatikkaus Tampereen S\u00e4hk\u00f6laitos, Suomi 100 tilasi minulta kuvia tv-mainokseensa. https:\/\/www.youtube.com\/watch?v=DgRbXdzBSLE<\/p>\n","protected":false},"author":1,"featured_media":0,"parent":0,"menu_order":0,"comment_status":"closed","ping_status":"closed","template":"","meta":{"_monsterinsights_skip_tracking":false,"_monsterinsights_sitenote_active":false,"_monsterinsights_sitenote_note":"","_monsterinsights_sitenote_category":0,"footnotes":""},"class_list":["entry","page","publish","author-admin","post-308"],"_links":{"self":[{"href":"https:\/\/www.mikkovares.com\/index.php?rest_route=\/wp\/v2\/pages\/308","targetHints":{"allow":["GET"]}}],"collection":[{"href":"https:\/\/www.mikkovares.com\/index.php?rest_route=\/wp\/v2\/pages"}],"about":[{"href":"https:\/\/www.mikkovares.com\/index.php?rest_route=\/wp\/v2\/types\/page"}],"author":[{"embeddable":true,"href":"https:\/\/www.mikkovares.com\/index.php?rest_route=\/wp\/v2\/users\/1"}],"replies":[{"embeddable":true,"href":"https:\/\/www.mikkovares.com\/index.php?rest_route=%2Fwp%2Fv2%2Fcomments&post=308"}],"version-history":[{"count":8,"href":"https:\/\/www.mikkovares.com\/index.php?rest_route=\/wp\/v2\/pages\/308\/revisions"}],"predecessor-version":[{"id":595,"href":"https:\/\/www.mikkovares.com\/index.php?rest_route=\/wp\/v2\/pages\/308\/revisions\/595"}],"wp:attachment":[{"href":"https:\/\/www.mikkovares.com\/index.php?rest_route=%2Fwp%2Fv2%2Fmedia&parent=308"}],"curies":[{"name":"wp","href":"https:\/\/api.w.org\/{rel}","templated":true}]}}